{"id":8515,"date":"2024-12-30T01:06:14","date_gmt":"2024-12-30T00:06:14","guid":{"rendered":"https:\/\/princessadriatic.com\/hirek-es-esemenyek\/"},"modified":"2024-12-30T01:06:14","modified_gmt":"2024-12-30T00:06:14","slug":"hirek-es-esemenyek","status":"publish","type":"page","link":"https:\/\/princessadriatic.com\/hu\/hirek-es-esemenyek\/","title":{"rendered":"H\u00edrek \u00e9s Esem\u00e9nyek"},"content":{"rendered":"","protected":false},"excerpt":{"rendered":"","protected":false},"author":2,"featured_media":0,"parent":0,"menu_order":0,"comment_status":"closed","ping_status":"closed","template":"templates\/blog.php","meta":{"_acf_changed":false,"footnotes":""},"class_list":["post-8515","page","type-page","status-publish","hentry"],"acf":[],"_links":{"self":[{"href":"https:\/\/princessadriatic.com\/hu\/wp-json\/wp\/v2\/pages\/8515","targetHints":{"allow":["GET"]}}],"collection":[{"href":"https:\/\/princessadriatic.com\/hu\/wp-json\/wp\/v2\/pages"}],"about":[{"href":"https:\/\/princessadriatic.com\/hu\/wp-json\/wp\/v2\/types\/page"}],"author":[{"embeddable":true,"href":"https:\/\/princessadriatic.com\/hu\/wp-json\/wp\/v2\/users\/2"}],"replies":[{"embeddable":true,"href":"https:\/\/princessadriatic.com\/hu\/wp-json\/wp\/v2\/comments?post=8515"}],"version-history":[{"count":0,"href":"https:\/\/princessadriatic.com\/hu\/wp-json\/wp\/v2\/pages\/8515\/revisions"}],"wp:attachment":[{"href":"https:\/\/princessadriatic.com\/hu\/wp-json\/wp\/v2\/media?parent=8515"}],"curies":[{"name":"wp","href":"https:\/\/api.w.org\/{rel}","templated":true}]}}