{"id":8253,"date":"2024-12-31T00:43:55","date_gmt":"2024-12-30T23:43:55","guid":{"rendered":"https:\/\/princessadriatic.com\/zasady-ochrany-osobnich-udaju\/"},"modified":"2025-04-03T19:33:45","modified_gmt":"2025-04-03T18:33:45","slug":"zasady-ochrany-osobnich-udaju","status":"publish","type":"page","link":"https:\/\/princessadriatic.com\/cs\/zasady-ochrany-osobnich-udaju\/","title":{"rendered":"Z\u00e1sady ochrany osobn\u00edch \u00fadaj\u016f"},"content":{"rendered":"","protected":false},"excerpt":{"rendered":"","protected":false},"author":2,"featured_media":0,"parent":0,"menu_order":0,"comment_status":"closed","ping_status":"closed","template":"templates\/privacy-policy.php","meta":{"_acf_changed":false,"footnotes":""},"class_list":["post-8253","page","type-page","status-publish","hentry"],"acf":[],"_links":{"self":[{"href":"https:\/\/princessadriatic.com\/cs\/wp-json\/wp\/v2\/pages\/8253","targetHints":{"allow":["GET"]}}],"collection":[{"href":"https:\/\/princessadriatic.com\/cs\/wp-json\/wp\/v2\/pages"}],"about":[{"href":"https:\/\/princessadriatic.com\/cs\/wp-json\/wp\/v2\/types\/page"}],"author":[{"embeddable":true,"href":"https:\/\/princessadriatic.com\/cs\/wp-json\/wp\/v2\/users\/2"}],"replies":[{"embeddable":true,"href":"https:\/\/princessadriatic.com\/cs\/wp-json\/wp\/v2\/comments?post=8253"}],"version-history":[{"count":1,"href":"https:\/\/princessadriatic.com\/cs\/wp-json\/wp\/v2\/pages\/8253\/revisions"}],"predecessor-version":[{"id":8594,"href":"https:\/\/princessadriatic.com\/cs\/wp-json\/wp\/v2\/pages\/8253\/revisions\/8594"}],"wp:attachment":[{"href":"https:\/\/princessadriatic.com\/cs\/wp-json\/wp\/v2\/media?parent=8253"}],"curies":[{"name":"wp","href":"https:\/\/api.w.org\/{rel}","templated":true}]}}