{"id":8248,"date":"2024-12-29T23:41:18","date_gmt":"2024-12-29T22:41:18","guid":{"rendered":"https:\/\/princessadriatic.com\/specialni-nabidky\/"},"modified":"2024-12-29T23:41:18","modified_gmt":"2024-12-29T22:41:18","slug":"specialni-nabidky","status":"publish","type":"page","link":"https:\/\/princessadriatic.com\/cs\/specialni-nabidky\/","title":{"rendered":"Speci\u00e1ln\u00ed nab\u00eddky"},"content":{"rendered":"","protected":false},"excerpt":{"rendered":"","protected":false},"author":2,"featured_media":0,"parent":0,"menu_order":0,"comment_status":"closed","ping_status":"closed","template":"templates\/landing.php","meta":{"_acf_changed":false,"footnotes":""},"class_list":["post-8248","page","type-page","status-publish","hentry"],"acf":[],"_links":{"self":[{"href":"https:\/\/princessadriatic.com\/cs\/wp-json\/wp\/v2\/pages\/8248","targetHints":{"allow":["GET"]}}],"collection":[{"href":"https:\/\/princessadriatic.com\/cs\/wp-json\/wp\/v2\/pages"}],"about":[{"href":"https:\/\/princessadriatic.com\/cs\/wp-json\/wp\/v2\/types\/page"}],"author":[{"embeddable":true,"href":"https:\/\/princessadriatic.com\/cs\/wp-json\/wp\/v2\/users\/2"}],"replies":[{"embeddable":true,"href":"https:\/\/princessadriatic.com\/cs\/wp-json\/wp\/v2\/comments?post=8248"}],"version-history":[{"count":0,"href":"https:\/\/princessadriatic.com\/cs\/wp-json\/wp\/v2\/pages\/8248\/revisions"}],"wp:attachment":[{"href":"https:\/\/princessadriatic.com\/cs\/wp-json\/wp\/v2\/media?parent=8248"}],"curies":[{"name":"wp","href":"https:\/\/api.w.org\/{rel}","templated":true}]}}